{"id":170,"date":"2021-08-12T10:01:31","date_gmt":"2021-08-12T08:01:31","guid":{"rendered":"http:\/\/mojsksj.cluster028.hosting.ovh.net\/?page_id=170"},"modified":"2021-10-06T14:44:09","modified_gmt":"2021-10-06T12:44:09","slug":"che-cosa-facciamo","status":"publish","type":"page","link":"https:\/\/aidotorino.it\/index.php\/che-cosa-facciamo\/","title":{"rendered":"Che cosa facciamo"},"content":{"rendered":"<div>\n<p>Che cosa facciamo<\/p>\n<\/div>\n<h1>Finalit\u00e0 e attivit\u00e0<\/h1>\n<div>\n<p>Sensibilizzazione, informazione, raccolta delle disponibilit\u00e0 alla donazione<\/p>\n<\/div>\n<h2>Le nostre <br \/>finalit\u00e0<\/h2>\n<div>\n<p>Sono finalit\u00e0 dell&#8217;Associazione:<\/p>\n<ul>\n<li>promuovere il rafforzamento della solidariet\u00e0 umana;<\/li>\n<li>sollecitare la coscienza dei cittadini sulla necessit\u00e0 della donazione di parti del proprio corpo, dopo la morte, per i trapianti ed innesti terapeutici;<\/li>\n<li>sostenere, anche in accordo con Istituzioni, Enti ed Associazioni italiane ed internazionali, particolari iniziative tendenti ad affrontare le problematiche connesse con la donazione ed il trapianto di organi, tessuti e cellule.<\/li>\n<\/ul>\n<\/div>\n<ul>\n<li>\n<p>        <img decoding=\"async\" src=\"\/wp-content\/uploads\/2021\/08\/IMG_20190927_144503_418.jpg\" alt=\"\"><\/p>\n<h2>La nostra storia<\/h2>\n<div>\n<p>L&#8217;A.I.D.O., Associazione Italiana Donatori Organi e Tessuti, \u00e8 una associazione senza fini di lucro di utilit\u00e0 sociale, costituita dai suoi promotori per diffondere, consolidare il concetto di solidariet\u00e0 umana e sollecitare la coscienza dei cittadini sull&#8217;argomento della donazione degli organi per scopi terapeutici, per incrementare il numero degli effettivi donatori, trovando cos\u00ec un soluzione alla mancanza di organi e diminuire i tempi di attesa dei pazienti con gravi malattie che necessitano di trapianto di organi e\/o tessuti per prolungare la loro speranza di vita.<\/p>\n<\/div>\n<p><a href=\"\/index.php\/2021\/08\/24\/la-storia-della-nostra-associazione\/\">Prosegui nella lettura<\/a><\/p>\n<\/li>\n<li>\n<p>        <img decoding=\"async\" src=\"\/wp-content\/uploads\/2021\/08\/IMG_20210413_103146_330.jpg\" alt=\"\"><\/p>\n<h2>Che cosa facciamo<\/h2>\n<div>\n<p>Per il raggiungimento delle proprie finalit\u00e0 associative l&#8217;Aido promuove campagne di sensibilizzazione ed informazione permanente dei cittadini, instaura rapporti e collaborazioni con Istituzioni ed Enti pubblici e privati ed Associazioni italiane ed internazionali, svolge attivit\u00e0 di informazione nelle materie di propria competenza con particolare riferimento al mondo del lavoro, della scuola, delle forze armate, delle confessioni religiose e delle comunit\u00e0 sociali, promuove e partecipa ad attivit\u00e0 di formazione, informazione e sensibilizzazione e di sostegno alla ricerca scientifica <\/p>\n<\/div>\n<p><a href=\"\/index.php\/2021\/08\/24\/che-cosa-facciamo\/\">Prosegui nella lettura<\/a><\/p>\n<\/li>\n<\/ul>\n<h2>I nostri partner<\/h2>\n<ul>\n<li>\n<div>\n<p><strong>PARTNER ISTITUZIONALI<\/strong><\/p>\n<\/div>\n<\/li>\n<li>\n<p><a href=\"https:\/\/www.admopiemonte.org\/\"><\/p>\n<p>Admo Piemonte<\/p>\n<p><\/a><\/p>\n<\/li>\n<li>\n<p><a href=\"https:\/\/www.aeroportoditorino.it\/it\"><\/p>\n<p>Aeroporto di Caselle<\/p>\n<p><\/a><\/p>\n<\/li>\n<li>\n<p><a href=\"http:\/\/www.avispiemonte.it\/\"><\/p>\n<p>Avis Piemonte<\/p>\n<p><\/a><\/p>\n<\/li>\n<li>\n<p><a href=\"https:\/\/www.cattolica.it\/\"><\/p>\n<p>Cattolica Assicurazioni<\/p>\n<p><\/a><\/p>\n<\/li>\n<li>\n<p><a href=\"https:\/\/www.cittadellasalute.to.it\/\"><\/p>\n<p>Citt\u00e0 della Salute e della Scienza di Torino<\/p>\n<p><\/a><\/p>\n<\/li>\n<li>\n<p><a href=\"http:\/\/www.comune.torino.it\/\"><\/p>\n<p>Citt\u00e0 di Torino<\/p>\n<p><\/a><\/p>\n<\/li>\n<li>\n<p><a href=\"http:\/\/www.cittametropolitana.torino.it\/cms\/\"><\/p>\n<p>Citt\u00e0 Metropolitana di Torino<\/p>\n<p><\/a><\/p>\n<\/li>\n<li>\n<div>\n<p>Compagnia ABaP<\/p>\n<\/div>\n<\/li>\n<li>\n<p><a href=\"https:\/\/cri.it\/piemonte\/\"><\/p>\n<p>CRI Piemonte<\/p>\n<p><\/a><\/p>\n<\/li>\n<li>\n<p><a href=\"http:\/\/www.spettacolobenefico.com\/\"><\/p>\n<p>Eneselle di Luciana Enescu<\/p>\n<p><\/a><\/p>\n<\/li>\n<li>\n<p><a href=\"https:\/\/fidasadsp.it\/\"><\/p>\n<p>Fidas Piemonte<\/p>\n<p><\/a><\/p>\n<\/li>\n<li>\n<p><a href=\"http:\/\/www.fondazionecrt.it\/\"><\/p>\n<p>Fondazione CRT<\/p>\n<p><\/a><\/p>\n<\/li>\n<li>\n<p><a href=\"https:\/\/www.facebook.com\/groups\/ilpalcoscenico\"><\/p>\n<p>Il Palcoscenico<\/p>\n<p><\/a><\/p>\n<\/li>\n<li>\n<p><a href=\"http:\/\/www.lavazza.it\/it\/\"><\/p>\n<p>Lavazza<\/p>\n<p><\/a><\/p>\n<\/li>\n<li>\n<p><a href=\"https:\/\/www.lions.it\/\"><\/p>\n<p>Lions Club<\/p>\n<p><\/a><\/p>\n<\/li>\n<li>\n<p><a href=\"http:\/\/www.istruzionepiemonte.it\/torino\/\"><\/p>\n<p>Provveditorato agli Studi di Torino<\/p>\n<p><\/a><\/p>\n<\/li>\n<li>\n<p><a href=\"https:\/\/www.regione.piemonte.it\/web\/\"><\/p>\n<p>Regione Piemonte<\/p>\n<p><\/a><\/p>\n<\/li>\n<li>\n<p><a href=\"https:\/\/www.chiesavaldese.org\/aria_cms.php?page=64\"><\/p>\n<p>Tavola Valdese<\/p>\n<p><\/a><\/p>\n<\/li>\n<li>\n<p><a href=\"http:\/\/www.venturacentriodontoiatrici.it\/wp\/\"><\/p>\n<p>Ventura Centri Odontoiatrici<\/p>\n<p><\/a><\/p>\n<\/li>\n<li>\n<div>\n<p><strong>PARTNER SPORTIVI<\/strong><\/p>\n<\/div>\n<\/li>\n<li>\n<p><a href=\"https:\/\/basket.custorino.it\/\"><\/p>\n<p>Cus Torino Basket<\/p>\n<p><\/a><\/p>\n<\/li>\n<li>\n<div>\n<p>Elled\u00ec Carmagnola<\/p>\n<\/div>\n<\/li>\n<li>\n<div>\n<p>FIXI Basket Femminile<\/p>\n<\/div>\n<\/li>\n<li>\n<p><a href=\"https:\/\/www.baskettorinoofficial.com\/\"><\/p>\n<p>Reale Mutua Basket Torino<\/p>\n<p><\/a><\/p>\n<\/li>\n<li>\n<p><a href=\"https:\/\/www.facebook.com\/TorinoFD\/\"><\/p>\n<p>Torino FD<\/p>\n<p><\/a><\/p>\n<\/li>\n<\/ul>\n<p><img decoding=\"async\" src=\"\/wp-content\/uploads\/2021\/08\/IMG-20200411-WA0004.jpg\" alt=\"\"><\/p>\n<h2>Parliamone<\/h2>\n<div>\n<p>I nostri scopi istituzionali: Promuovere e rafforzare la solidariet\u00e0 umana, sollecitare l&#8217;opinione pubblica sul problema della necessit\u00e0 di donare organi e tessuti del proprio corpo, sostenere iniziative anche in accordo con altre associazioni di volontariato e di trapiantati per diffondere la cultura della donazione.<\/p>\n<\/div>\n<div>La nostra sede<\/div>\n<div>\n<p>Strada Comunale San Vito Revigliasco 34 (all&#8217;interno dell&#8217;ospedale San Vito)<br \/>10133 TORINO<br \/><strong>Orario:<\/strong> Mercoled\u00ec ore 9 &#8211; 13<\/p>\n<\/div>\n<p><!-- {\"name\":\"Company\",\"type\":\"layout\",\"children\":[{\"name\":\"Hero\",\"type\":\"section\",\"props\":{\"image_size\":\"cover\",\"style\":\"default\",\"width\":\"default\",\"image\":\"wp-content\\\/uploads\\\/2021\\\/08\\\/IMG-20200411-WA0004.jpg\",\"height\":\"full\",\"animation\":\"fade\",\"image_position\":\"bottom-center\",\"vertical_align\":\"middle\",\"title_position\":\"top-left\",\"title_rotation\":\"left\",\"title_breakpoint\":\"xl\",\"image_width\":\"2530\"},\"children\":[{\"name\":\"\",\"type\":\"row\",\"children\":[{\"name\":\"\",\"type\":\"column\",\"props\":{\"image_position\":\"center-center\",\"media_overlay_gradient\":\"\",\"text_color\":\"dark\",\"width_medium\":\"1-1\"},\"children\":[{\"name\":\"\",\"type\":\"text\",\"props\":{\"margin\":\"default\",\"content\":\"\n\n<p>Che cosa facciamo<\\\/p>\",\"text_style\":\"lead\",\"text_align\":\"center\",\"column_breakpoint\":\"m\",\"text_color\":\"muted\"}},{\"name\":\"\",\"type\":\"headline\",\"props\":{\"title_element\":\"h1\",\"content\":\"Finalit\\u00e0 e attivit\\u00e0\",\"title_style\":\"heading-small\",\"text_align\":\"center\",\"margin_remove_top\":true}},{\"name\":\"\",\"type\":\"text\",\"props\":{\"margin\":\"default\",\"content\":\"\n\n<p>Sensibilizzazione, informazione, raccolta delle disponibilit\\u00e0 alla donazione<\\\/p>\",\"text_align\":\"center\",\"maxwidth\":\"xlarge\",\"column_breakpoint\":\"m\",\"block_align\":\"center\"}}]}]}]},{\"name\":\"Studio presentation\",\"type\":\"section\",\"props\":{\"image_size\":\"cover\",\"width\":\"default\",\"style\":\"default\",\"animation\":\"slide-top-small\",\"animation_delay\":\"200\",\"image_position\":\"center-center\",\"vertical_align\":\"middle\",\"title_position\":\"top-left\",\"title_rotation\":\"left\",\"title_breakpoint\":\"xl\"},\"children\":[{\"name\":\"\",\"type\":\"row\",\"props\":{\"layout\":\"1-2,1-2\",\"margin\":\"large\"},\"children\":[{\"name\":\"\",\"type\":\"column\",\"props\":{\"image_position\":\"center-center\",\"media_overlay_gradient\":\"\",\"width_medium\":\"1-2\"},\"children\":[{\"name\":\"\",\"type\":\"headline\",\"props\":{\"title_element\":\"h2\",\"content\":\"Le nostre <br \\\/>finalit\\u00e0\"}}]},{\"name\":\"\",\"type\":\"column\",\"props\":{\"image_position\":\"center-center\",\"media_overlay_gradient\":\"\",\"width_medium\":\"1-2\"},\"children\":[{\"name\":\"\",\"type\":\"text\",\"props\":{\"margin\":\"large\",\"content\":\"\n\n<p>Sono finalit\\u00e0 dell'Associazione:<\\\/p>\\n\n\n<ul>\\n\n\n<li>promuovere il rafforzamento della solidariet\\u00e0 umana;<\\\/li>\\n\n\n<li>sollecitare la coscienza dei cittadini sulla necessit\\u00e0 della donazione di parti del proprio corpo, dopo la morte, per i trapianti ed innesti terapeutici;<\\\/li>\\n\n\n<li>sostenere, anche in accordo con Istituzioni, Enti ed Associazioni italiane ed internazionali, particolari iniziative tendenti ad affrontare le problematiche connesse con la donazione ed il trapianto di organi, tessuti e cellule.<\\\/li>\\n<\\\/ul>\",\"column_breakpoint\":\"m\"}}]}]}]},{\"name\":\"About us\",\"type\":\"section\",\"props\":{\"image_size\":\"cover\",\"width\":\"default\",\"padding\":\"large\",\"style\":\"muted\",\"animation\":\"slide-top-small\",\"image_position\":\"center-center\",\"vertical_align\":\"middle\",\"title_position\":\"top-left\",\"title_rotation\":\"left\",\"title_breakpoint\":\"xl\"},\"children\":[{\"type\":\"row\",\"children\":[{\"type\":\"column\",\"props\":{\"image_position\":\"center-center\",\"media_overlay_gradient\":\"\"},\"children\":[{\"type\":\"grid\",\"props\":{\"show_title\":true,\"show_meta\":true,\"show_content\":true,\"show_image\":true,\"show_link\":true,\"grid_default\":\"1\",\"grid_medium\":\"2\",\"filter_style\":\"tab\",\"filter_all\":true,\"filter_position\":\"top\",\"filter_align\":\"left\",\"filter_grid_width\":\"auto\",\"filter_grid_breakpoint\":\"m\",\"title_hover_style\":\"reset\",\"title_element\":\"h2\",\"title_align\":\"top\",\"title_grid_width\":\"1-2\",\"title_grid_breakpoint\":\"m\",\"meta_style\":\"meta\",\"meta_align\":\"below-title\",\"content_column_breakpoint\":\"m\",\"icon_width\":80,\"image_align\":\"top\",\"image_grid_width\":\"1-2\",\"image_grid_breakpoint\":\"m\",\"image_svg_color\":\"emphasis\",\"link_text\":\"Prosegui nella lettura\",\"link_style\":\"primary\",\"margin\":\"default\",\"item_animation\":true,\"grid_column_gap\":\"medium\",\"title_style\":\"h3\",\"title_margin\":\"medium\",\"image_width\":\"920\",\"grid_row_gap\":\"large\",\"meta_element\":\"div\",\"link_target\":true},\"children\":[{\"type\":\"grid_item\",\"props\":{\"title\":\"La nostra storia\",\"image\":\"wp-content\\\/uploads\\\/2021\\\/08\\\/IMG_20190927_144503_418.jpg\",\"content\":\"\n\n<p>L'A.I.D.O., Associazione Italiana Donatori Organi e Tessuti, \\u00e8 una associazione senza fini di lucro di utilit\\u00e0 sociale, costituita dai suoi promotori per diffondere, consolidare il concetto di solidariet\\u00e0 umana e sollecitare la coscienza dei cittadini sull'argomento della donazione degli organi per scopi terapeutici, per incrementare il numero degli effettivi donatori, trovando cos\\u00ec un soluzione alla mancanza di organi e diminuire i tempi di attesa dei pazienti con gravi malattie che necessitano di trapianto di organi e\\\/o tessuti per prolungare la loro speranza di vita.<\\\/p>\",\"link\":\"\\\/index.php\\\/2021\\\/08\\\/24\\\/la-storia-della-nostra-associazione\\\/\"}},{\"type\":\"grid_item\",\"props\":{\"title\":\"Che cosa facciamo\",\"image\":\"wp-content\\\/uploads\\\/2021\\\/08\\\/IMG_20210413_103146_330.jpg\",\"content\":\"\n\n<p>Per il raggiungimento delle proprie finalit\\u00e0 associative l'Aido promuove campagne di sensibilizzazione ed informazione permanente dei cittadini, instaura rapporti e collaborazioni con Istituzioni ed Enti pubblici e privati ed Associazioni italiane ed internazionali, svolge attivit\\u00e0 di informazione nelle materie di propria competenza con particolare riferimento al mondo del lavoro, della scuola, delle forze armate, delle confessioni religiose e delle comunit\\u00e0 sociali, promuove e partecipa ad attivit\\u00e0 di formazione, informazione e sensibilizzazione e di sostegno alla ricerca scientifica <\\\/p>\",\"link\":\"\\\/index.php\\\/2021\\\/08\\\/24\\\/che-cosa-facciamo\\\/\"}}]}]}]}]},{\"name\":\"Clients\",\"type\":\"section\",\"props\":{\"image_size\":\"cover\",\"width\":\"default\",\"padding\":\"large\",\"style\":\"default\",\"animation\":\"fade\",\"image_position\":\"center-center\",\"vertical_align\":\"middle\",\"title_position\":\"top-left\",\"title_rotation\":\"left\",\"title_breakpoint\":\"xl\"},\"children\":[{\"type\":\"row\",\"props\":{\"layout\":\"1-4,3-4\"},\"children\":[{\"type\":\"column\",\"props\":{\"image_position\":\"center-center\",\"media_overlay_gradient\":\"\",\"width_medium\":\"1-4\"},\"children\":[{\"name\":\"\",\"type\":\"headline\",\"props\":{\"title_element\":\"h2\",\"content\":\"I nostri partner\",\"title_style\":\"h3\"}}]},{\"type\":\"column\",\"props\":{\"image_position\":\"center-center\",\"media_overlay_gradient\":\"\",\"width_medium\":\"3-4\"},\"children\":[{\"name\":\"\",\"type\":\"list\",\"props\":{\"image\":true,\"image_align\":\"left\",\"link_style\":\"muted\",\"show_image\":true,\"show_link\":true,\"content_style\":null,\"image_svg_color\":\"emphasis\",\"image_vertical_align\":true,\"list_size\":\"\",\"list_element\":\"ul\",\"column_breakpoint\":\"\",\"column\":\"1-3\",\"column_divider\":true},\"children\":[{\"name\":\"\",\"type\":\"list_item\",\"props\":{\"content\":\"\n\n<p><strong>PARTNER ISTITUZIONALI<\\\/strong><\\\/p>\",\"link\":\"\"}},{\"name\":\"\",\"type\":\"list_item\",\"props\":{\"content\":\"\n\n<p>Admo Piemonte<\\\/p>\",\"link\":\"https:\\\/\\\/www.admopiemonte.org\\\/\"}},{\"name\":\"\",\"type\":\"list_item\",\"props\":{\"content\":\"\n\n<p>Aeroporto di Caselle<\\\/p>\",\"link\":\"https:\\\/\\\/www.aeroportoditorino.it\\\/it\"}},{\"name\":\"\",\"type\":\"list_item\",\"props\":{\"content\":\"\n\n<p>Avis Piemonte<\\\/p>\",\"link\":\"http:\\\/\\\/www.avispiemonte.it\\\/\"}},{\"name\":\"\",\"type\":\"list_item\",\"props\":{\"content\":\"\n\n<p>Cattolica Assicurazioni<\\\/p>\",\"link\":\"https:\\\/\\\/www.cattolica.it\\\/\"}},{\"name\":\"\",\"type\":\"list_item\",\"props\":{\"content\":\"\n\n<p>Citt\\u00e0 della Salute e della Scienza di Torino<\\\/p>\",\"link\":\"https:\\\/\\\/www.cittadellasalute.to.it\\\/\"}},{\"name\":\"\",\"type\":\"list_item\",\"props\":{\"content\":\"\n\n<p>Citt\\u00e0 di Torino<\\\/p>\",\"link\":\"http:\\\/\\\/www.comune.torino.it\\\/\"}},{\"name\":\"\",\"type\":\"list_item\",\"props\":{\"content\":\"\n\n<p>Citt\\u00e0 Metropolitana di Torino<\\\/p>\",\"link\":\"http:\\\/\\\/www.cittametropolitana.torino.it\\\/cms\\\/\"}},{\"name\":\"\",\"type\":\"list_item\",\"props\":{\"content\":\"\n\n<p>Compagnia ABaP<\\\/p>\",\"link\":\"\"}},{\"name\":\"\",\"type\":\"list_item\",\"props\":{\"content\":\"\n\n<p>CRI Piemonte<\\\/p>\",\"link\":\"https:\\\/\\\/cri.it\\\/piemonte\\\/\"}},{\"name\":\"\",\"type\":\"list_item\",\"props\":{\"content\":\"\n\n<p>Eneselle di Luciana Enescu<\\\/p>\",\"link\":\"http:\\\/\\\/www.spettacolobenefico.com\\\/\"}},{\"name\":\"\",\"type\":\"list_item\",\"props\":{\"content\":\"\n\n<p>Fidas Piemonte<\\\/p>\",\"link\":\"https:\\\/\\\/fidasadsp.it\\\/\"}},{\"name\":\"\",\"type\":\"list_item\",\"props\":{\"content\":\"\n\n<p>Fondazione CRT<\\\/p>\",\"link\":\"http:\\\/\\\/www.fondazionecrt.it\\\/\"}},{\"name\":\"\",\"type\":\"list_item\",\"props\":{\"content\":\"\n\n<p>Il Palcoscenico<\\\/p>\",\"link\":\"https:\\\/\\\/www.facebook.com\\\/groups\\\/ilpalcoscenico\"}},{\"name\":\"\",\"type\":\"list_item\",\"props\":{\"content\":\"\n\n<p>Lavazza<\\\/p>\",\"link\":\"http:\\\/\\\/www.lavazza.it\\\/it\\\/\"}},{\"name\":\"\",\"type\":\"list_item\",\"props\":{\"content\":\"\n\n<p>Lions Club<\\\/p>\",\"link\":\"https:\\\/\\\/www.lions.it\\\/\"}},{\"name\":\"\",\"type\":\"list_item\",\"props\":{\"content\":\"\n\n<p>Provveditorato agli Studi di Torino<\\\/p>\",\"link\":\"http:\\\/\\\/www.istruzionepiemonte.it\\\/torino\\\/\"}},{\"name\":\"\",\"type\":\"list_item\",\"props\":{\"content\":\"\n\n<p>Regione Piemonte<\\\/p>\",\"link\":\"https:\\\/\\\/www.regione.piemonte.it\\\/web\\\/\"}},{\"name\":\"\",\"type\":\"list_item\",\"props\":{\"content\":\"\n\n<p>Tavola Valdese<\\\/p>\",\"link\":\"https:\\\/\\\/www.chiesavaldese.org\\\/aria_cms.php?page=64\"}},{\"name\":\"\",\"type\":\"list_item\",\"props\":{\"content\":\"\n\n<p>Ventura Centri Odontoiatrici<\\\/p>\",\"link\":\"http:\\\/\\\/www.venturacentriodontoiatrici.it\\\/wp\\\/\"}},{\"name\":\"\",\"type\":\"list_item\",\"props\":{\"content\":\"\n\n<p><strong>PARTNER SPORTIVI<\\\/strong><\\\/p>\",\"link\":\"\"}},{\"name\":\"\",\"type\":\"list_item\",\"props\":{\"content\":\"\n\n<p>Cus Torino Basket<\\\/p>\",\"link\":\"https:\\\/\\\/basket.custorino.it\\\/\"}},{\"name\":\"\",\"type\":\"list_item\",\"props\":{\"content\":\"\n\n<p>Elled\\u00ec Carmagnola<\\\/p>\",\"link\":\"\"}},{\"name\":\"\",\"type\":\"list_item\",\"props\":{\"content\":\"\n\n<p>FIXI Basket Femminile<\\\/p>\",\"link\":\"\"}},{\"name\":\"\",\"type\":\"list_item\",\"props\":{\"content\":\"\n\n<p>Reale Mutua Basket Torino<\\\/p>\",\"link\":\"https:\\\/\\\/www.baskettorinoofficial.com\\\/\"}},{\"name\":\"\",\"type\":\"list_item\",\"props\":{\"content\":\"\n\n<p>Torino FD<\\\/p>\",\"link\":\"https:\\\/\\\/www.facebook.com\\\/TorinoFD\\\/\"}}]}]}]}]},{\"name\":\"Contact\",\"type\":\"section\",\"props\":{\"image_size\":\"cover\",\"width\":\"default\",\"padding\":\"large\",\"style\":\"muted\",\"animation\":\"fade\",\"image_position\":\"center-center\",\"vertical_align\":\"middle\",\"title_position\":\"top-left\",\"title_rotation\":\"left\",\"title_breakpoint\":\"xl\"},\"children\":[{\"name\":\"\",\"type\":\"row\",\"children\":[{\"name\":\"\",\"type\":\"column\",\"props\":{\"image_position\":\"center-center\",\"media_overlay_gradient\":\"\",\"width_medium\":\"1-1\"},\"children\":[{\"name\":\"\",\"type\":\"image\",\"props\":{\"margin\":\"default\",\"image\":\"wp-content\\\/uploads\\\/2021\\\/08\\\/IMG-20200411-WA0004.jpg\",\"image_width\":\"1200\",\"image_svg_color\":\"emphasis\"}}]}]},{\"name\":\"\",\"type\":\"row\",\"props\":{\"layout\":\"1-2,1-2\",\"margin\":\"xlarge\"},\"children\":[{\"name\":\"\",\"type\":\"column\",\"props\":{\"image_position\":\"center-center\",\"media_overlay_gradient\":\"\",\"width_medium\":\"1-2\"},\"children\":[{\"name\":\"\",\"type\":\"headline\",\"props\":{\"title_element\":\"h2\",\"content\":\"Parliamone\"}}]},{\"name\":\"\",\"type\":\"column\",\"props\":{\"image_position\":\"center-center\",\"media_overlay_gradient\":\"\",\"width_medium\":\"1-2\"},\"children\":[{\"name\":\"\",\"type\":\"text\",\"props\":{\"margin\":\"default\",\"content\":\"\n\n<p>I nostri scopi istituzionali: Promuovere e rafforzare la solidariet\\u00e0 umana, sollecitare l'opinione pubblica sul problema della necessit\\u00e0 di donare organi e tessuti del proprio corpo, sostenere iniziative anche in accordo con altre associazioni di volontariato e di trapiantati per diffondere la cultura della donazione.<\\\/p>\",\"column_breakpoint\":\"m\"}},{\"name\":\"\",\"type\":\"headline\",\"props\":{\"title_element\":\"div\",\"content\":\"La nostra sede\",\"title_style\":\"h5\"}},{\"name\":\"\",\"type\":\"text\",\"props\":{\"margin\":\"default\",\"content\":\"\n\n<p>Strada Comunale San Vito Revigliasco 34 (all'interno dell'ospedale San Vito)<br \\\/>10133 TORINO<br \\\/><strong>Orario:<\\\/strong> Mercoled\\u00ec ore 9 - 13<\\\/p>\",\"column_breakpoint\":\"m\"}}]}]}]}],\"version\":\"2.3.31\"} --><\/p>\n","protected":false},"excerpt":{"rendered":"<p>Che cosa facciamo Finalit\u00e0 e attivit\u00e0 Sensibilizzazione, informazione, raccolta delle disponibilit\u00e0 alla donazione Le nostre finalit\u00e0 Sono finalit\u00e0 dell&#8217;Associazione: promuovere il rafforzamento della solidariet\u00e0 umana; sollecitare la coscienza dei cittadini sulla necessit\u00e0 della donazione di parti del proprio corpo, dopo la morte, per i trapianti ed innesti terapeutici; sostenere, anche in accordo con Istituzioni, Enti [&hellip;]<\/p>\n","protected":false},"author":5,"featured_media":0,"parent":0,"menu_order":0,"comment_status":"closed","ping_status":"closed","template":"","meta":{"footnotes":""},"class_list":["post-170","page","type-page","status-publish","hentry"],"_links":{"self":[{"href":"https:\/\/aidotorino.it\/index.php\/wp-json\/wp\/v2\/pages\/170","targetHints":{"allow":["GET"]}}],"collection":[{"href":"https:\/\/aidotorino.it\/index.php\/wp-json\/wp\/v2\/pages"}],"about":[{"href":"https:\/\/aidotorino.it\/index.php\/wp-json\/wp\/v2\/types\/page"}],"author":[{"embeddable":true,"href":"https:\/\/aidotorino.it\/index.php\/wp-json\/wp\/v2\/users\/5"}],"replies":[{"embeddable":true,"href":"https:\/\/aidotorino.it\/index.php\/wp-json\/wp\/v2\/comments?post=170"}],"version-history":[{"count":28,"href":"https:\/\/aidotorino.it\/index.php\/wp-json\/wp\/v2\/pages\/170\/revisions"}],"predecessor-version":[{"id":504,"href":"https:\/\/aidotorino.it\/index.php\/wp-json\/wp\/v2\/pages\/170\/revisions\/504"}],"wp:attachment":[{"href":"https:\/\/aidotorino.it\/index.php\/wp-json\/wp\/v2\/media?parent=170"}],"curies":[{"name":"wp","href":"https:\/\/api.w.org\/{rel}","templated":true}]}}